{"id":68,"date":"2025-03-21T12:12:57","date_gmt":"2025-03-21T11:12:57","guid":{"rendered":"https:\/\/culture-pool.com\/?page_id=68"},"modified":"2025-03-21T12:12:57","modified_gmt":"2025-03-21T11:12:57","slug":"impressum","status":"publish","type":"page","link":"https:\/\/culture-pool.com\/?page_id=68","title":{"rendered":"Impressum\u00a0"},"content":{"rendered":"\n<p>Betreiber dieser Seiten und inhaltlich verantwortlich:<\/p>\n\n\n\n<p><strong>Ralf Jahn<\/strong><\/p>\n\n\n\n<p><strong>c\/o KLANGWELT STUDIO\u00a0<\/strong>Feuerbachstr. 2<br>45147 Essen<br>Tel.: (0201) 31 21 79<br>Fax: (0201) 57 18 28 1<br>Ralf Jahn<br><a href=\"mailto:info@culture-pool.com\">info@culture-pool.com<\/a><\/p>\n\n\n\n<p>Die Inhalte dieser Website sind von CULTURE POOL nach bestem Wissen und Gewissen zusammengestellt und \u00fcberpr\u00fcft worden. Eine Haftung f\u00fcr Vollst\u00e4ndigkeit, Aktualit\u00e4t und Richtigkeit der Inhalte kann jedoch nicht \u00fcbernommen werden.&nbsp;<\/p>\n\n\n\n<p>CULTURE POOL \u00fcbernimmt keine Haftung f\u00fcr Inhalte von fremden Internetseiten, auf die CULTURE POOL \u00fcber diese Seiten hinweist oder verlinkt.&nbsp;<\/p>\n\n\n\n<p>CULTURE POOL erkl\u00e4rt ausdr\u00fccklich, dass CULTURE POOL zum Zeitpunkt der Linksetzung keine illegalen Inhalte auf den verlinkten Seiten bekannt waren.<\/p>\n\n\n\n<p>Auf die aktuelle und zuk\u00fcnftige Gestaltung, die Inhalte oder die Urheberschaft der verlinkten Seiten, hat CULTURE POOL keinerlei Einfluss.&nbsp;<\/p>\n\n\n\n<p>Daher distanziert sich CULTURE POOL hiermit ausdr\u00fccklich von den Inhalten aller verlinkten Seiten, die nach der Linksetzung ver\u00e4ndert wurden.<\/p>\n","protected":false},"excerpt":{"rendered":"<p>Betreiber dieser Seiten und inhaltlich verantwortlich: Ralf Jahn c\/o KLANGWELT STUDIO\u00a0Feuerbachstr. 245147 EssenTel.: (0201) 31 21 79Fax: (0201) 57 18 28 1Ralf Jahninfo@culture-pool.com Die Inhalte dieser Website sind von CULTURE POOL nach bestem Wissen und Gewissen zusammengestellt und \u00fcberpr\u00fcft worden. Eine Haftung f\u00fcr Vollst\u00e4ndigkeit, Aktualit\u00e4t und Richtigkeit der Inhalte kann jedoch nicht \u00fcbernommen werden.&nbsp; CULTURE [&hellip;]<\/p>\n","protected":false},"author":2,"featured_media":0,"parent":0,"menu_order":0,"comment_status":"closed","ping_status":"closed","template":"","meta":{"_uag_custom_page_level_css":"","footnotes":""},"class_list":["post-68","page","type-page","status-publish","hentry"],"blocksy_meta":[],"uagb_featured_image_src":{"full":false,"thumbnail":false,"medium":false,"medium_large":false,"large":false,"1536x1536":false,"2048x2048":false},"uagb_author_info":{"display_name":"Orun De","author_link":"https:\/\/culture-pool.com\/?author=2"},"uagb_comment_info":0,"uagb_excerpt":"Betreiber dieser Seiten und inhaltlich verantwortlich: Ralf Jahn c\/o KLANGWELT STUDIO\u00a0Feuerbachstr. 245147 EssenTel.: (0201) 31 21 79Fax: (0201) 57 18 28 1Ralf Jahninfo@culture-pool.com Die Inhalte dieser Website sind von CULTURE POOL nach bestem Wissen und Gewissen zusammengestellt und \u00fcberpr\u00fcft worden. Eine Haftung f\u00fcr Vollst\u00e4ndigkeit, Aktualit\u00e4t und Richtigkeit der Inhalte kann jedoch nicht \u00fcbernommen werden.&nbsp; CULTURE&hellip;","_links":{"self":[{"href":"https:\/\/culture-pool.com\/index.php?rest_route=\/wp\/v2\/pages\/68","targetHints":{"allow":["GET"]}}],"collection":[{"href":"https:\/\/culture-pool.com\/index.php?rest_route=\/wp\/v2\/pages"}],"about":[{"href":"https:\/\/culture-pool.com\/index.php?rest_route=\/wp\/v2\/types\/page"}],"author":[{"embeddable":true,"href":"https:\/\/culture-pool.com\/index.php?rest_route=\/wp\/v2\/users\/2"}],"replies":[{"embeddable":true,"href":"https:\/\/culture-pool.com\/index.php?rest_route=%2Fwp%2Fv2%2Fcomments&post=68"}],"version-history":[{"count":1,"href":"https:\/\/culture-pool.com\/index.php?rest_route=\/wp\/v2\/pages\/68\/revisions"}],"predecessor-version":[{"id":69,"href":"https:\/\/culture-pool.com\/index.php?rest_route=\/wp\/v2\/pages\/68\/revisions\/69"}],"wp:attachment":[{"href":"https:\/\/culture-pool.com\/index.php?rest_route=%2Fwp%2Fv2%2Fmedia&parent=68"}],"curies":[{"name":"wp","href":"https:\/\/api.w.org\/{rel}","templated":true}]}}